{"id":53,"date":"2023-06-05T03:45:08","date_gmt":"2023-06-05T03:45:08","guid":{"rendered":"https:\/\/technowebstore.com\/vedicto-wordpress\/?page_id=53"},"modified":"2025-03-14T07:26:45","modified_gmt":"2025-03-14T07:26:45","slug":"services","status":"publish","type":"page","link":"https:\/\/ifyter.com\/?page_id=53","title":{"rendered":"Servicios"},"content":{"rendered":"\t\t<div data-elementor-type=\"wp-page\" data-elementor-id=\"53\" class=\"elementor elementor-53\">\n\t\t\t\t\t\t<section class=\"has_eae_slider elementor-section elementor-top-section elementor-element elementor-element-f03ebd8 elementor-section-full_width elementor-section-height-default elementor-section-height-default\" data-id=\"f03ebd8\" data-element_type=\"section\" data-settings=\"{&quot;background_background&quot;:&quot;classic&quot;}\">\n\t\t\t\t\t\t\t<div class=\"elementor-background-overlay\"><\/div>\n\t\t\t\t\t\t\t<div class=\"elementor-container elementor-column-gap-default\">\n\t\t\t\t\t<div class=\"has_eae_slider elementor-column elementor-col-100 elementor-top-column elementor-element elementor-element-e2f4bc3\" data-id=\"e2f4bc3\" data-element_type=\"column\">\n\t\t\t<div class=\"elementor-widget-wrap elementor-element-populated\">\n\t\t\t\t\t\t<section class=\"has_eae_slider elementor-section elementor-inner-section elementor-element elementor-element-cc937fb elementor-section-boxed elementor-section-height-default elementor-section-height-default\" data-id=\"cc937fb\" data-element_type=\"section\">\n\t\t\t\t\t\t<div class=\"elementor-container elementor-column-gap-default\">\n\t\t\t\t\t<div class=\"has_eae_slider elementor-column elementor-col-50 elementor-inner-column elementor-element elementor-element-d8f22be\" data-id=\"d8f22be\" data-element_type=\"column\">\n\t\t\t<div class=\"elementor-widget-wrap elementor-element-populated\">\n\t\t\t\t\t\t<div class=\"elementor-element elementor-element-7f0f46d elementor-widget elementor-widget-page-title\" data-id=\"7f0f46d\" data-element_type=\"widget\" data-settings=\"{&quot;align&quot;:&quot;left&quot;}\" data-widget_type=\"page-title.default\">\n\t\t\t\t<div class=\"elementor-widget-container\">\n\t\t\t\t\t\t\t\n\t\t<div class=\"hfe-page-title hfe-page-title-wrapper elementor-widget-heading\">\n\n\t\t\t\t\t\t\t\t\t\t\t<a href=\"https:\/\/ifyter.com\">\n\t\t\t\t\t\t<h2 class=\"elementor-heading-title elementor-size-default\">\n\t\t\t\t\t\t\t\t\n\t\t\t\tServicios  \n\t\t\t<\/h2 > \n\t\t\t\t\t\t\t\t\t<\/a>\n\t\t\t\t\t<\/div>\n\t\t\t\t\t\t<\/div>\n\t\t\t\t<\/div>\n\t\t\t\t<div class=\"elementor-element elementor-element-0306074 elementor-widget elementor-widget-html\" data-id=\"0306074\" data-element_type=\"widget\" data-widget_type=\"html.default\">\n\t\t\t\t<div class=\"elementor-widget-container\">\n\t\t\t\t\t<div class=\"breadcrumb-link\">\r\n<a href=\"https:\/\/ifyter.com\/\">\r\nHome\r\n<\/a>\r\n<span class=\"currentm\">Servicios<\/span>\r\n<\/div>\t\t\t\t<\/div>\n\t\t\t\t<\/div>\n\t\t\t\t\t<\/div>\n\t\t<\/div>\n\t\t\t\t<div class=\"has_eae_slider elementor-column elementor-col-50 elementor-inner-column elementor-element elementor-element-26f838b\" data-id=\"26f838b\" data-element_type=\"column\">\n\t\t\t<div class=\"elementor-widget-wrap\">\n\t\t\t\t\t\t\t<\/div>\n\t\t<\/div>\n\t\t\t\t\t<\/div>\n\t\t<\/section>\n\t\t\t\t\t<\/div>\n\t\t<\/div>\n\t\t\t\t\t<\/div>\n\t\t<\/section>\n\t\t\t\t<section class=\"has_eae_slider elementor-section elementor-top-section elementor-element elementor-element-931bf91 elementor-section-boxed elementor-section-height-default elementor-section-height-default\" data-id=\"931bf91\" data-element_type=\"section\">\n\t\t\t\t\t\t<div class=\"elementor-container elementor-column-gap-default\">\n\t\t\t\t\t<div class=\"has_eae_slider elementor-column elementor-col-100 elementor-top-column elementor-element elementor-element-f2209ce\" data-id=\"f2209ce\" data-element_type=\"column\">\n\t\t\t<div class=\"elementor-widget-wrap elementor-element-populated\">\n\t\t\t\t\t\t<section class=\"has_eae_slider elementor-section elementor-inner-section elementor-element elementor-element-99b13b2 elementor-section-boxed elementor-section-height-default elementor-section-height-default\" data-id=\"99b13b2\" data-element_type=\"section\">\n\t\t\t\t\t\t<div class=\"elementor-container elementor-column-gap-default\">\n\t\t\t\t\t<div class=\"has_eae_slider elementor-column elementor-col-50 elementor-inner-column elementor-element elementor-element-dd74c56\" data-id=\"dd74c56\" data-element_type=\"column\">\n\t\t\t<div class=\"elementor-widget-wrap elementor-element-populated\">\n\t\t\t\t\t\t<div class=\"elementor-element elementor-element-ed468d5 elementor-widget elementor-widget-heading\" data-id=\"ed468d5\" data-element_type=\"widget\" data-widget_type=\"heading.default\">\n\t\t\t\t<div class=\"elementor-widget-container\">\n\t\t\t\t\t<h5 class=\"elementor-heading-title elementor-size-default\">Explora nuestras servicios<\/h5>\t\t\t\t<\/div>\n\t\t\t\t<\/div>\n\t\t\t\t<div class=\"elementor-element elementor-element-7cf2c09 elementor-widget elementor-widget-heading\" data-id=\"7cf2c09\" data-element_type=\"widget\" data-widget_type=\"heading.default\">\n\t\t\t\t<div class=\"elementor-widget-container\">\n\t\t\t\t\t<h2 class=\"elementor-heading-title elementor-size-default\">Calidad y profesionalidad<\/h2>\t\t\t\t<\/div>\n\t\t\t\t<\/div>\n\t\t\t\t<div class=\"elementor-element elementor-element-9137b82 elementor-widget elementor-widget-text-editor\" data-id=\"9137b82\" data-element_type=\"widget\" data-widget_type=\"text-editor.default\">\n\t\t\t\t<div class=\"elementor-widget-container\">\n\t\t\t\t\t\t\t\t\t<p>Ofrecemos asesoramiento en obras de construcci\u00f3n en el sector el\u00e9ctrico y realizamos instalaciones el\u00e9ctricas en el sector industrial y residencial. En cuanto a las instalaciones fotovoltaicas realizamos el trabajo de principio a fin, desde tr\u00e1mites con la Administraci\u00f3n p\u00fablica para solicitud de licencias, la propia instalaci\u00f3n, la legalizaci\u00f3n, te acompa\u00f1amos en el contacto con las comercializadoras, y te informamos y tramitamos de subvenciones y ayudas. No necesitar\u00e1s contactar con terceros.<\/p>\t\t\t\t\t\t\t\t<\/div>\n\t\t\t\t<\/div>\n\t\t\t\t\t<\/div>\n\t\t<\/div>\n\t\t\t\t<div class=\"has_eae_slider elementor-column elementor-col-50 elementor-inner-column elementor-element elementor-element-0f481f3\" data-id=\"0f481f3\" data-element_type=\"column\">\n\t\t\t<div class=\"elementor-widget-wrap elementor-element-populated\">\n\t\t\t\t\t\t<div class=\"elementor-element elementor-element-c757064 elementor-widget elementor-widget-image\" data-id=\"c757064\" data-element_type=\"widget\" data-widget_type=\"image.default\">\n\t\t\t\t<div class=\"elementor-widget-container\">\n\t\t\t\t\t\t\t\t\t\t\t\t\t\t\t<img fetchpriority=\"high\" decoding=\"async\" width=\"640\" height=\"480\" src=\"https:\/\/ifyter.com\/wp-content\/uploads\/2025\/03\/005-3.jpg\" class=\"attachment-large size-large wp-image-2646\" alt=\"\" srcset=\"https:\/\/ifyter.com\/wp-content\/uploads\/2025\/03\/005-3.jpg 1000w, https:\/\/ifyter.com\/wp-content\/uploads\/2025\/03\/005-3-300x225.jpg 300w, https:\/\/ifyter.com\/wp-content\/uploads\/2025\/03\/005-3-768x576.jpg 768w, https:\/\/ifyter.com\/wp-content\/uploads\/2025\/03\/005-3-600x450.jpg 600w\" sizes=\"(max-width: 640px) 100vw, 640px\" \/>\t\t\t\t\t\t\t\t\t\t\t\t\t\t\t<\/div>\n\t\t\t\t<\/div>\n\t\t\t\t\t<\/div>\n\t\t<\/div>\n\t\t\t\t\t<\/div>\n\t\t<\/section>\n\t\t\t\t\t<\/div>\n\t\t<\/div>\n\t\t\t\t\t<\/div>\n\t\t<\/section>\n\t\t<div class=\"has_eae_slider elementor-element elementor-element-9ec3670 e-grid e-con-boxed e-con e-parent\" data-id=\"9ec3670\" data-element_type=\"container\">\n\t\t\t\t\t<div class=\"e-con-inner\">\n\t\t<div class=\"has_eae_slider elementor-element elementor-element-86a7ef7 e-con-full e-flex e-con e-child\" data-id=\"86a7ef7\" data-element_type=\"container\">\n\t\t\t\t<div class=\"elementor-element elementor-element-8f0323c elementor-widget elementor-widget-heading\" data-id=\"8f0323c\" data-element_type=\"widget\" data-widget_type=\"heading.default\">\n\t\t\t\t<div class=\"elementor-widget-container\">\n\t\t\t\t\t<h2 class=\"elementor-heading-title elementor-size-default\">Instalaciones Fotovoltaicas<\/h2>\t\t\t\t<\/div>\n\t\t\t\t<\/div>\n\t\t\t\t<div class=\"elementor-element elementor-element-44471e0 elementor-widget elementor-widget-text-editor\" data-id=\"44471e0\" data-element_type=\"widget\" data-widget_type=\"text-editor.default\">\n\t\t\t\t<div class=\"elementor-widget-container\">\n\t\t\t\t\t\t\t\t\t<p>Las\u00a0<strong>instalaciones fotovoltaicas<\/strong>\u00a0consisten en el aprovechamiento de la radiaci\u00f3n solar para conseguir electricidad. Esto se consigue gracias a materiales semiconductores. \u00c9stos materiales se encuentran en los paneles solares principalmente.<\/p><p>Existen varios tipos de instalaciones:<\/p><p><strong>SISTEMA FOTOVOLTAICO AUTOCONSUMO <\/strong><strong>y SISTEMA FOTOVOLTAICO AISLADO<\/strong><\/p>\t\t\t\t\t\t\t\t<\/div>\n\t\t\t\t<\/div>\n\t\t\t\t<\/div>\n\t\t<div class=\"has_eae_slider elementor-element elementor-element-ba59d0a e-con-full e-flex e-con e-child\" data-id=\"ba59d0a\" data-element_type=\"container\">\n\t\t\t\t<div class=\"elementor-element elementor-element-86a8722 elementor-widget elementor-widget-heading\" data-id=\"86a8722\" data-element_type=\"widget\" data-widget_type=\"heading.default\">\n\t\t\t\t<div class=\"elementor-widget-container\">\n\t\t\t\t\t<h2 class=\"elementor-heading-title elementor-size-default\">Instalaciones El\u00e9ctricas<\/h2>\t\t\t\t<\/div>\n\t\t\t\t<\/div>\n\t\t\t\t<div class=\"elementor-element elementor-element-29f5975 elementor-widget elementor-widget-text-editor\" data-id=\"29f5975\" data-element_type=\"widget\" data-widget_type=\"text-editor.default\">\n\t\t\t\t<div class=\"elementor-widget-container\">\n\t\t\t\t\t\t\t\t\t<p>Se realizan todo tipo de trabajos relaciones con las instalaciones el\u00e9ctricas, como las <strong>redes de baja tensi\u00f3n<\/strong>, <strong>alumbrados<\/strong>, <strong>iluminaci\u00f3n led<\/strong>, <strong>auditor\u00edas energ\u00e9ticas<\/strong>,\u00a0 <strong>proyectos e ingenier\u00eda.<\/strong><\/p><p>Las instalaciones el\u00e9ctricas pueden ser para viviendas de nueva planta o reforma. Se aconseja sobre dicha instalaci\u00f3n y se asesora siempre cumpliendo el Real Decreto 842\/2002, Reglamento Electrot\u00e9cnico de Baja Tensi\u00f3n.<\/p>\t\t\t\t\t\t\t\t<\/div>\n\t\t\t\t<\/div>\n\t\t\t\t<\/div>\n\t\t<div class=\"has_eae_slider elementor-element elementor-element-a2f80e5 e-con-full e-flex e-con e-child\" data-id=\"a2f80e5\" data-element_type=\"container\">\n\t\t\t\t<div class=\"elementor-element elementor-element-4139c64 elementor-widget elementor-widget-heading\" data-id=\"4139c64\" data-element_type=\"widget\" data-widget_type=\"heading.default\">\n\t\t\t\t<div class=\"elementor-widget-container\">\n\t\t\t\t\t<h2 class=\"elementor-heading-title elementor-size-default\">Proyectos e Ingenier\u00eda<\/h2>\t\t\t\t<\/div>\n\t\t\t\t<\/div>\n\t\t\t\t<div class=\"elementor-element elementor-element-3f9cae9 elementor-widget elementor-widget-text-editor\" data-id=\"3f9cae9\" data-element_type=\"widget\" data-widget_type=\"text-editor.default\">\n\t\t\t\t<div class=\"elementor-widget-container\">\n\t\t\t\t\t\t\t\t\t<p>Cuando realizamos cualquier tipo de obra, necesitamos obtener <strong>permisos de obra<\/strong>, <strong>consultar normativa<\/strong>, <strong>contactar con t\u00e9cnicos del Ayuntamiento<\/strong>, este trabajo de ingenier\u00eda es muy importante para que la instalaci\u00f3n cumpla con todos los requisitos para que pueda ser legalizada. Adem\u00e1s, se informa y realizan <strong>tr\u00e1mites para la obtenci\u00f3n de subvenciones y ayudas.<\/strong> Bonificaci\u00f3n de IBI, deducciones fiscales auton\u00f3micas y estatales y ayudas<\/p>\t\t\t\t\t\t\t\t<\/div>\n\t\t\t\t<\/div>\n\t\t\t\t<\/div>\n\t\t\t\t\t<\/div>\n\t\t\t\t<\/div>\n\t\t\t\t<\/div>\n\t\t","protected":false},"excerpt":{"rendered":"<p>Servicios Home Servicios Explora nuestras servicios Calidad y profesionalidad Ofrecemos asesoramiento en obras de construcci\u00f3n en el sector el\u00e9ctrico y realizamos instalaciones el\u00e9ctricas en el sector industrial y residencial. En cuanto a las instalaciones fotovoltaicas realizamos el trabajo de principio a fin, desde tr\u00e1mites con la Administraci\u00f3n p\u00fablica para solicitud de licencias, la propia instalaci\u00f3n, [&hellip;]<\/p>\n","protected":false},"author":1,"featured_media":0,"parent":0,"menu_order":0,"comment_status":"closed","ping_status":"closed","template":"elementor_header_footer","meta":{"_acf_changed":false,"footnotes":""},"class_list":["post-53","page","type-page","status-publish","hentry"],"acf":[],"yoast_head":"<!-- This site is optimized with the Yoast SEO plugin v24.6 - https:\/\/yoast.com\/wordpress\/plugins\/seo\/ -->\n<title>Servicios - Ifyter - Soluciones Fotovoltaicas<\/title>\n<meta name=\"robots\" content=\"index, follow, max-snippet:-1, max-image-preview:large, max-video-preview:-1\" \/>\n<link rel=\"canonical\" href=\"https:\/\/ifyter.com\/?page_id=53\" \/>\n<meta property=\"og:locale\" content=\"es_ES\" \/>\n<meta property=\"og:type\" content=\"article\" \/>\n<meta property=\"og:title\" content=\"Servicios - Ifyter - Soluciones Fotovoltaicas\" \/>\n<meta property=\"og:description\" content=\"Servicios Home Servicios Explora nuestras servicios Calidad y profesionalidad Ofrecemos asesoramiento en obras de construcci\u00f3n en el sector el\u00e9ctrico y realizamos instalaciones el\u00e9ctricas en el sector industrial y residencial. En cuanto a las instalaciones fotovoltaicas realizamos el trabajo de principio a fin, desde tr\u00e1mites con la Administraci\u00f3n p\u00fablica para solicitud de licencias, la propia instalaci\u00f3n, [&hellip;]\" \/>\n<meta property=\"og:url\" content=\"https:\/\/ifyter.com\/?page_id=53\" \/>\n<meta property=\"og:site_name\" content=\"Ifyter - Soluciones Fotovoltaicas\" \/>\n<meta property=\"article:publisher\" content=\"https:\/\/www.facebook.com\/ifyter\" \/>\n<meta property=\"article:modified_time\" content=\"2025-03-14T07:26:45+00:00\" \/>\n<meta property=\"og:image\" content=\"https:\/\/ifyter.com\/wp-content\/uploads\/2025\/03\/005-3.jpg\" \/>\n\t<meta property=\"og:image:width\" content=\"1000\" \/>\n\t<meta property=\"og:image:height\" content=\"750\" \/>\n\t<meta property=\"og:image:type\" content=\"image\/jpeg\" \/>\n<meta name=\"twitter:card\" content=\"summary_large_image\" \/>\n<meta name=\"twitter:label1\" content=\"Tiempo de lectura\" \/>\n\t<meta name=\"twitter:data1\" content=\"2 minutos\" \/>\n<script type=\"application\/ld+json\" class=\"yoast-schema-graph\">{\"@context\":\"https:\/\/schema.org\",\"@graph\":[{\"@type\":\"WebPage\",\"@id\":\"https:\/\/ifyter.com\/?page_id=53\",\"url\":\"https:\/\/ifyter.com\/?page_id=53\",\"name\":\"Servicios - Ifyter - Soluciones Fotovoltaicas\",\"isPartOf\":{\"@id\":\"https:\/\/ifyter.com\/#website\"},\"primaryImageOfPage\":{\"@id\":\"https:\/\/ifyter.com\/?page_id=53#primaryimage\"},\"image\":{\"@id\":\"https:\/\/ifyter.com\/?page_id=53#primaryimage\"},\"thumbnailUrl\":\"https:\/\/ifyter.com\/wp-content\/uploads\/2025\/03\/005-3.jpg\",\"datePublished\":\"2023-06-05T03:45:08+00:00\",\"dateModified\":\"2025-03-14T07:26:45+00:00\",\"breadcrumb\":{\"@id\":\"https:\/\/ifyter.com\/?page_id=53#breadcrumb\"},\"inLanguage\":\"es\",\"potentialAction\":[{\"@type\":\"ReadAction\",\"target\":[\"https:\/\/ifyter.com\/?page_id=53\"]}]},{\"@type\":\"ImageObject\",\"inLanguage\":\"es\",\"@id\":\"https:\/\/ifyter.com\/?page_id=53#primaryimage\",\"url\":\"https:\/\/ifyter.com\/wp-content\/uploads\/2025\/03\/005-3.jpg\",\"contentUrl\":\"https:\/\/ifyter.com\/wp-content\/uploads\/2025\/03\/005-3.jpg\",\"width\":1000,\"height\":750},{\"@type\":\"BreadcrumbList\",\"@id\":\"https:\/\/ifyter.com\/?page_id=53#breadcrumb\",\"itemListElement\":[{\"@type\":\"ListItem\",\"position\":1,\"name\":\"Portada\",\"item\":\"https:\/\/ifyter.com\/\"},{\"@type\":\"ListItem\",\"position\":2,\"name\":\"Servicios\"}]},{\"@type\":\"WebSite\",\"@id\":\"https:\/\/ifyter.com\/#website\",\"url\":\"https:\/\/ifyter.com\/\",\"name\":\"Ifyter - Soluciones Fotovoltaicas\",\"description\":\"\",\"publisher\":{\"@id\":\"https:\/\/ifyter.com\/#organization\"},\"potentialAction\":[{\"@type\":\"SearchAction\",\"target\":{\"@type\":\"EntryPoint\",\"urlTemplate\":\"https:\/\/ifyter.com\/?s={search_term_string}\"},\"query-input\":{\"@type\":\"PropertyValueSpecification\",\"valueRequired\":true,\"valueName\":\"search_term_string\"}}],\"inLanguage\":\"es\"},{\"@type\":\"Organization\",\"@id\":\"https:\/\/ifyter.com\/#organization\",\"name\":\"IFYTER SOL.LUCIONS ENERG\u00c8TIQUES S.L.\",\"url\":\"https:\/\/ifyter.com\/\",\"logo\":{\"@type\":\"ImageObject\",\"inLanguage\":\"es\",\"@id\":\"https:\/\/ifyter.com\/#\/schema\/logo\/image\/\",\"url\":\"https:\/\/ifyter.com\/wp-content\/uploads\/2025\/03\/cropped-cropped-logo-ifyter-solo-nou.png\",\"contentUrl\":\"https:\/\/ifyter.com\/wp-content\/uploads\/2025\/03\/cropped-cropped-logo-ifyter-solo-nou.png\",\"width\":176,\"height\":177,\"caption\":\"IFYTER SOL.LUCIONS ENERG\u00c8TIQUES S.L.\"},\"image\":{\"@id\":\"https:\/\/ifyter.com\/#\/schema\/logo\/image\/\"},\"sameAs\":[\"https:\/\/www.facebook.com\/ifyter\",\"https:\/\/www.youtube.com\/channel\/UCQH6Imvuoou7_5oDt81lX5A?view_as=subscriber\",\"https:\/\/www.linkedin.com\/company\/ifyter\/\"]}]}<\/script>\n<!-- \/ Yoast SEO plugin. -->","yoast_head_json":{"title":"Servicios - Ifyter - Soluciones Fotovoltaicas","robots":{"index":"index","follow":"follow","max-snippet":"max-snippet:-1","max-image-preview":"max-image-preview:large","max-video-preview":"max-video-preview:-1"},"canonical":"https:\/\/ifyter.com\/?page_id=53","og_locale":"es_ES","og_type":"article","og_title":"Servicios - Ifyter - Soluciones Fotovoltaicas","og_description":"Servicios Home Servicios Explora nuestras servicios Calidad y profesionalidad Ofrecemos asesoramiento en obras de construcci\u00f3n en el sector el\u00e9ctrico y realizamos instalaciones el\u00e9ctricas en el sector industrial y residencial. En cuanto a las instalaciones fotovoltaicas realizamos el trabajo de principio a fin, desde tr\u00e1mites con la Administraci\u00f3n p\u00fablica para solicitud de licencias, la propia instalaci\u00f3n, [&hellip;]","og_url":"https:\/\/ifyter.com\/?page_id=53","og_site_name":"Ifyter - Soluciones Fotovoltaicas","article_publisher":"https:\/\/www.facebook.com\/ifyter","article_modified_time":"2025-03-14T07:26:45+00:00","og_image":[{"width":1000,"height":750,"url":"https:\/\/ifyter.com\/wp-content\/uploads\/2025\/03\/005-3.jpg","type":"image\/jpeg"}],"twitter_card":"summary_large_image","twitter_misc":{"Tiempo de lectura":"2 minutos"},"schema":{"@context":"https:\/\/schema.org","@graph":[{"@type":"WebPage","@id":"https:\/\/ifyter.com\/?page_id=53","url":"https:\/\/ifyter.com\/?page_id=53","name":"Servicios - Ifyter - Soluciones Fotovoltaicas","isPartOf":{"@id":"https:\/\/ifyter.com\/#website"},"primaryImageOfPage":{"@id":"https:\/\/ifyter.com\/?page_id=53#primaryimage"},"image":{"@id":"https:\/\/ifyter.com\/?page_id=53#primaryimage"},"thumbnailUrl":"https:\/\/ifyter.com\/wp-content\/uploads\/2025\/03\/005-3.jpg","datePublished":"2023-06-05T03:45:08+00:00","dateModified":"2025-03-14T07:26:45+00:00","breadcrumb":{"@id":"https:\/\/ifyter.com\/?page_id=53#breadcrumb"},"inLanguage":"es","potentialAction":[{"@type":"ReadAction","target":["https:\/\/ifyter.com\/?page_id=53"]}]},{"@type":"ImageObject","inLanguage":"es","@id":"https:\/\/ifyter.com\/?page_id=53#primaryimage","url":"https:\/\/ifyter.com\/wp-content\/uploads\/2025\/03\/005-3.jpg","contentUrl":"https:\/\/ifyter.com\/wp-content\/uploads\/2025\/03\/005-3.jpg","width":1000,"height":750},{"@type":"BreadcrumbList","@id":"https:\/\/ifyter.com\/?page_id=53#breadcrumb","itemListElement":[{"@type":"ListItem","position":1,"name":"Portada","item":"https:\/\/ifyter.com\/"},{"@type":"ListItem","position":2,"name":"Servicios"}]},{"@type":"WebSite","@id":"https:\/\/ifyter.com\/#website","url":"https:\/\/ifyter.com\/","name":"Ifyter - Soluciones Fotovoltaicas","description":"","publisher":{"@id":"https:\/\/ifyter.com\/#organization"},"potentialAction":[{"@type":"SearchAction","target":{"@type":"EntryPoint","urlTemplate":"https:\/\/ifyter.com\/?s={search_term_string}"},"query-input":{"@type":"PropertyValueSpecification","valueRequired":true,"valueName":"search_term_string"}}],"inLanguage":"es"},{"@type":"Organization","@id":"https:\/\/ifyter.com\/#organization","name":"IFYTER SOL.LUCIONS ENERG\u00c8TIQUES S.L.","url":"https:\/\/ifyter.com\/","logo":{"@type":"ImageObject","inLanguage":"es","@id":"https:\/\/ifyter.com\/#\/schema\/logo\/image\/","url":"https:\/\/ifyter.com\/wp-content\/uploads\/2025\/03\/cropped-cropped-logo-ifyter-solo-nou.png","contentUrl":"https:\/\/ifyter.com\/wp-content\/uploads\/2025\/03\/cropped-cropped-logo-ifyter-solo-nou.png","width":176,"height":177,"caption":"IFYTER SOL.LUCIONS ENERG\u00c8TIQUES S.L."},"image":{"@id":"https:\/\/ifyter.com\/#\/schema\/logo\/image\/"},"sameAs":["https:\/\/www.facebook.com\/ifyter","https:\/\/www.youtube.com\/channel\/UCQH6Imvuoou7_5oDt81lX5A?view_as=subscriber","https:\/\/www.linkedin.com\/company\/ifyter\/"]}]}},"_links":{"self":[{"href":"https:\/\/ifyter.com\/index.php?rest_route=\/wp\/v2\/pages\/53","targetHints":{"allow":["GET"]}}],"collection":[{"href":"https:\/\/ifyter.com\/index.php?rest_route=\/wp\/v2\/pages"}],"about":[{"href":"https:\/\/ifyter.com\/index.php?rest_route=\/wp\/v2\/types\/page"}],"author":[{"embeddable":true,"href":"https:\/\/ifyter.com\/index.php?rest_route=\/wp\/v2\/users\/1"}],"replies":[{"embeddable":true,"href":"https:\/\/ifyter.com\/index.php?rest_route=%2Fwp%2Fv2%2Fcomments&post=53"}],"version-history":[{"count":28,"href":"https:\/\/ifyter.com\/index.php?rest_route=\/wp\/v2\/pages\/53\/revisions"}],"predecessor-version":[{"id":2997,"href":"https:\/\/ifyter.com\/index.php?rest_route=\/wp\/v2\/pages\/53\/revisions\/2997"}],"wp:attachment":[{"href":"https:\/\/ifyter.com\/index.php?rest_route=%2Fwp%2Fv2%2Fmedia&parent=53"}],"curies":[{"name":"wp","href":"https:\/\/api.w.org\/{rel}","templated":true}]}}